{"id":391,"date":"2023-05-30T12:30:58","date_gmt":"2023-05-30T12:30:58","guid":{"rendered":"https:\/\/nilsson-consulting.net\/vem-ar\/"},"modified":"2023-06-06T04:24:23","modified_gmt":"2023-06-06T04:24:23","slug":"vem-ar","status":"publish","type":"page","link":"https:\/\/nilsson-consulting.net\/sv\/vem-ar\/","title":{"rendered":"Vem \u00e4r&#8230;"},"content":{"rendered":"<div class=\"fusion-fullwidth fullwidth-box fusion-builder-row-1 fusion-flex-container has-pattern-background has-mask-background nonhundred-percent-fullwidth non-hundred-percent-height-scrolling\" style=\"--awb-border-radius-top-left:0px;--awb-border-radius-top-right:0px;--awb-border-radius-bottom-right:0px;--awb-border-radius-bottom-left:0px;\" ><div class=\"fusion-builder-row fusion-row fusion-flex-align-items-flex-start\" style=\"max-width:1144px;margin-left: calc(-4% \/ 2 );margin-right: calc(-4% \/ 2 );\"><div class=\"fusion-layout-column fusion_builder_column fusion-builder-column-0 fusion_builder_column_2_5 2_5 fusion-flex-column fusion-flex-align-self-stretch\" style=\"--awb-bg-size:cover;--awb-width-large:40%;--awb-margin-top-large:0px;--awb-spacing-right-large:4.8%;--awb-margin-bottom-large:20px;--awb-spacing-left-large:4.8%;--awb-width-medium:40%;--awb-order-medium:0;--awb-spacing-right-medium:4.8%;--awb-spacing-left-medium:4.8%;--awb-width-small:100%;--awb-order-small:0;--awb-spacing-right-small:1.92%;--awb-spacing-left-small:1.92%;\"><div class=\"fusion-column-wrapper fusion-column-has-shadow fusion-flex-justify-content-flex-start fusion-content-layout-column\"><div class=\"fusion-image-element \" style=\"text-align:center;--awb-aspect-ratio:1 \/ 1;--awb-object-position:39% 48%;--awb-margin-bottom:20px;--awb-caption-title-font-family:var(--h2_typography-font-family);--awb-caption-title-font-weight:var(--h2_typography-font-weight);--awb-caption-title-font-style:var(--h2_typography-font-style);--awb-caption-title-size:var(--h2_typography-font-size);--awb-caption-title-transform:var(--h2_typography-text-transform);--awb-caption-title-line-height:var(--h2_typography-line-height);--awb-caption-title-letter-spacing:var(--h2_typography-letter-spacing);\"><span class=\" fusion-imageframe imageframe-none imageframe-1 hover-type-zoomin has-aspect-ratio\" class=\"image-magnify\" class=\"image-scroll\"><img decoding=\"async\" width=\"800\" height=\"796\" title=\"Who-is-Lennart-Nilsson\" src=\"https:\/\/nilsson-consulting.net\/wp-content\/uploads\/2023\/05\/Who-is-Lennart-Nilsson.jpg\" class=\"img-responsive wp-image-361 img-with-aspect-ratio\" alt srcset=\"https:\/\/nilsson-consulting.net\/wp-content\/uploads\/2023\/05\/Who-is-Lennart-Nilsson-200x199.jpg 200w, https:\/\/nilsson-consulting.net\/wp-content\/uploads\/2023\/05\/Who-is-Lennart-Nilsson-400x398.jpg 400w, https:\/\/nilsson-consulting.net\/wp-content\/uploads\/2023\/05\/Who-is-Lennart-Nilsson-600x597.jpg 600w, https:\/\/nilsson-consulting.net\/wp-content\/uploads\/2023\/05\/Who-is-Lennart-Nilsson.jpg 800w\" sizes=\"(max-width: 640px) 100vw, 600px\" \/><\/span><\/div><\/div><\/div><div class=\"fusion-layout-column fusion_builder_column fusion-builder-column-1 fusion_builder_column_3_5 3_5 fusion-flex-column fusion-flex-align-self-stretch\" style=\"--awb-bg-size:cover;--awb-width-large:60%;--awb-margin-top-large:0px;--awb-spacing-right-large:3.2%;--awb-margin-bottom-large:20px;--awb-spacing-left-large:3.2%;--awb-width-medium:60%;--awb-order-medium:0;--awb-spacing-right-medium:3.2%;--awb-spacing-left-medium:3.2%;--awb-width-small:100%;--awb-order-small:1;--awb-spacing-right-small:1.92%;--awb-spacing-left-small:1.92%;\"><div class=\"fusion-column-wrapper fusion-column-has-shadow fusion-flex-justify-content-center fusion-content-layout-column\"><div class=\"fusion-title title fusion-title-1 fusion-sep-none fusion-title-text fusion-title-size-five\" style=\"--awb-text-color:var(--awb-color5);--awb-margin-bottom:0px;--awb-font-size:16px;\"><h5 class=\"title-heading-left fusion-responsive-typography-calculated\" style=\"margin:0;font-size:1em;text-transform:uppercase;--fontSize:16;--minFontSize:16;line-height:var(--awb-typography1-line-height);\">Uppt\u00e4ck mer:<\/h5><\/div><div class=\"fusion-title title fusion-title-2 fusion-sep-none fusion-title-text fusion-title-size-two\" style=\"--awb-text-color:var(--awb-color4);--awb-sep-color:var(--awb-color4);\"><h2 class=\"title-heading-left fusion-responsive-typography-calculated\" style=\"margin:0;--fontSize:40;line-height:var(--awb-typography1-line-height);\">Vem \u00e4r Lennart Nilsson<\/h2><\/div><ul style=\"--awb-line-height:27.2px;--awb-icon-width:27.2px;--awb-icon-height:27.2px;--awb-icon-margin:11.2px;--awb-content-margin:38.4px;\" class=\"fusion-checklist fusion-checklist-1 fusion-checklist-default type-icons list-cus-leaf\"><li class=\"fusion-li-item\" style=\"\"><span class=\"icon-wrapper circle-no\"><i class=\"fusion-li-icon awb-icon-check\" aria-hidden=\"true\"><\/i><\/span><div class=\"fusion-li-item-content\">\n<p>4 \u00e5r p\u00e5 Scania AB \u2013 Hur man s\u00e4ljer kundv\u00e4rde<\/p>\n<\/div><\/li><li class=\"fusion-li-item\" style=\"\"><span class=\"icon-wrapper circle-no\"><i class=\"fusion-li-icon awb-icon-check\" aria-hidden=\"true\"><\/i><\/span><div class=\"fusion-li-item-content\">\n<p>22 \u00e5r p\u00e5 Caterpillar \u2013 Hur man blir framg\u00e5ngsrik inom priss\u00e4ttning p\u00e5 global niv\u00e5<\/p>\n<\/div><\/li><li class=\"fusion-li-item\" style=\"\"><span class=\"icon-wrapper circle-no\"><i class=\"fusion-li-icon awb-icon-check\" aria-hidden=\"true\"><\/i><\/span><div class=\"fusion-li-item-content\">\n<p>Uppvuxen p\u00e5 ett lanrbruk med andan i \u201dSeed, Grow and Harvest\u201c \u2013 Hur man v\u00e5rdar livcykelv\u00e4rdet<\/p>\n<\/div><\/li><li class=\"fusion-li-item\" style=\"\"><span class=\"icon-wrapper circle-no\"><i class=\"fusion-li-icon awb-icon-check\" aria-hidden=\"true\"><\/i><\/span><div class=\"fusion-li-item-content\">\n<p>\u00d6nskade v\u00e4rnpliktig bef\u00e4lsutbildning i den svenska arm\u00e9n \u2013 Hur man motiverar f\u00f6r framg\u00e5ng<\/p>\n<\/div><\/li><li class=\"fusion-li-item\" style=\"\"><span class=\"icon-wrapper circle-no\"><i class=\"fusion-li-icon awb-icon-check\" aria-hidden=\"true\"><\/i><\/span><div class=\"fusion-li-item-content\">\n<p>Valdes att driva Uppsalas st\u00f6rsta studentnation \u2013 Hur man etablerar v\u00e4rde p\u00e5 l\u00e5ng sikt<\/p>\n<\/div><\/li><li class=\"fusion-li-item\" style=\"\"><span class=\"icon-wrapper circle-no\"><i class=\"fusion-li-icon awb-icon-check\" aria-hidden=\"true\"><\/i><\/span><div class=\"fusion-li-item-content\">\n<p>Swiss Chalet \u2013 Hur man med gl\u00e4dje utvecklar och \u00f6kar v\u00e4rdet<\/p>\n<\/div><\/li><li class=\"fusion-li-item\" style=\"\"><span class=\"icon-wrapper circle-no\"><i class=\"fusion-li-icon awb-icon-check\" aria-hidden=\"true\"><\/i><\/span><div class=\"fusion-li-item-content\">\n<p>Konsensusdriven \u2013 Hur man utvecklar engagemang genom: \u201cdet h\u00e4r \u00e4r delvis min egen id\u00e9\u201d<\/p>\n<\/div><\/li><li class=\"fusion-li-item\" style=\"\"><span class=\"icon-wrapper circle-no\"><i class=\"fusion-li-icon awb-icon-check\" aria-hidden=\"true\"><\/i><\/span><div class=\"fusion-li-item-content\">\n<p>Det som m\u00e4ts hanteras ocks\u00e5! \u2013 Hur nyckeltal p\u00e5verkar m\u00e5l, planer och d\u00e4rmed framg\u00e5ngar<\/p>\n<\/div><\/li><li class=\"fusion-li-item\" style=\"\"><span class=\"icon-wrapper circle-no\"><i class=\"fusion-li-icon awb-icon-check\" aria-hidden=\"true\"><\/i><\/span><div class=\"fusion-li-item-content\">\n<p>S\u00e4lj kvantifierbart v\u00e4rde \u2013 Hur en prispremie framg\u00e5ngsrikt kommuniceras<\/p>\n<\/div><\/li><li class=\"fusion-li-item\" style=\"\"><span class=\"icon-wrapper circle-no\"><i class=\"fusion-li-icon awb-icon-check\" aria-hidden=\"true\"><\/i><\/span><div class=\"fusion-li-item-content\">\n<p>F\u00f6rlorade kundint\u00e4kter \u00e4r en verklig kostnad \u2013 Hur man \u00f6vers\u00e4tter kundens uppfattning till: \u201cVarf\u00f6r riskera det? Vi \u00e4r d\u00e4r f\u00f6r dig!\u201d<\/p>\n<\/div><\/li><\/ul><\/div><\/div><\/div><\/div>\n","protected":false},"excerpt":{"rendered":"","protected":false},"author":1,"featured_media":0,"parent":0,"menu_order":0,"comment_status":"closed","ping_status":"closed","template":"100-width.php","meta":{"footnotes":""},"class_list":["post-391","page","type-page","status-publish","hentry"],"_links":{"self":[{"href":"https:\/\/nilsson-consulting.net\/sv\/wp-json\/wp\/v2\/pages\/391","targetHints":{"allow":["GET"]}}],"collection":[{"href":"https:\/\/nilsson-consulting.net\/sv\/wp-json\/wp\/v2\/pages"}],"about":[{"href":"https:\/\/nilsson-consulting.net\/sv\/wp-json\/wp\/v2\/types\/page"}],"author":[{"embeddable":true,"href":"https:\/\/nilsson-consulting.net\/sv\/wp-json\/wp\/v2\/users\/1"}],"replies":[{"embeddable":true,"href":"https:\/\/nilsson-consulting.net\/sv\/wp-json\/wp\/v2\/comments?post=391"}],"version-history":[{"count":5,"href":"https:\/\/nilsson-consulting.net\/sv\/wp-json\/wp\/v2\/pages\/391\/revisions"}],"predecessor-version":[{"id":585,"href":"https:\/\/nilsson-consulting.net\/sv\/wp-json\/wp\/v2\/pages\/391\/revisions\/585"}],"wp:attachment":[{"href":"https:\/\/nilsson-consulting.net\/sv\/wp-json\/wp\/v2\/media?parent=391"}],"curies":[{"name":"wp","href":"https:\/\/api.w.org\/{rel}","templated":true}]}}