{"id":390,"date":"2023-05-30T12:30:47","date_gmt":"2023-05-30T12:30:47","guid":{"rendered":"https:\/\/nilsson-consulting.net\/vad-ar\/"},"modified":"2023-06-06T04:20:00","modified_gmt":"2023-06-06T04:20:00","slug":"vad-ar","status":"publish","type":"page","link":"https:\/\/nilsson-consulting.net\/sv\/vad-ar\/","title":{"rendered":"Vad \u00e4r&#8230;"},"content":{"rendered":"<div class=\"fusion-fullwidth fullwidth-box fusion-builder-row-1 fusion-flex-container has-pattern-background has-mask-background nonhundred-percent-fullwidth non-hundred-percent-height-scrolling\" style=\"--awb-border-radius-top-left:0px;--awb-border-radius-top-right:0px;--awb-border-radius-bottom-right:0px;--awb-border-radius-bottom-left:0px;\" ><div class=\"fusion-builder-row fusion-row fusion-flex-align-items-flex-start\" style=\"max-width:1144px;margin-left: calc(-4% \/ 2 );margin-right: calc(-4% \/ 2 );\"><div class=\"fusion-layout-column fusion_builder_column fusion-builder-column-0 fusion_builder_column_3_5 3_5 fusion-flex-column fusion-flex-align-self-stretch\" style=\"--awb-bg-size:cover;--awb-width-large:60%;--awb-margin-top-large:0px;--awb-spacing-right-large:3.2%;--awb-margin-bottom-large:20px;--awb-spacing-left-large:3.2%;--awb-width-medium:60%;--awb-order-medium:0;--awb-spacing-right-medium:3.2%;--awb-spacing-left-medium:3.2%;--awb-width-small:100%;--awb-order-small:1;--awb-spacing-right-small:1.92%;--awb-spacing-left-small:1.92%;\"><div class=\"fusion-column-wrapper fusion-column-has-shadow fusion-flex-justify-content-center fusion-content-layout-column\"><div class=\"fusion-title title fusion-title-1 fusion-sep-none fusion-title-text fusion-title-size-five\" style=\"--awb-text-color:var(--awb-color5);--awb-margin-bottom:0px;--awb-font-size:16px;\"><h5 class=\"title-heading-left fusion-responsive-typography-calculated\" style=\"margin:0;font-size:1em;text-transform:uppercase;--fontSize:16;--minFontSize:16;line-height:var(--awb-typography1-line-height);\">Uppt\u00e4ck mer:<\/h5><\/div><div class=\"fusion-title title fusion-title-2 fusion-sep-none fusion-title-text fusion-title-size-two\" style=\"--awb-text-color:var(--awb-color4);--awb-sep-color:var(--awb-color4);\"><h2 class=\"title-heading-left fusion-responsive-typography-calculated\" style=\"margin:0;text-transform:uppercase;--fontSize:40;line-height:var(--awb-typography1-line-height);\">vad \u00e4r Nilsson Consulting<\/h2><\/div><div class=\"fusion-text fusion-text-1 fusion-text-no-margin\" style=\"--awb-margin-bottom:0px;\"><p><img decoding=\"async\" class=\"size-full wp-image-48 alignleft\" src=\"https:\/\/nilsson-consulting.net\/wp-content\/uploads\/2023\/05\/orange-icon-list-20.png\" alt=\"\" width=\"20\" height=\"20\" \/>Nilsson Consulting driver f\u00f6r\u00e4ndringsprojekt inom f\u00f6ljande tre omr\u00e5den: eftermarknadstillv\u00e4xt, priss\u00e4ttning\/kommersiell excellens och quote-to-cash-processer. Jag arbetar i en engagerande stil och str\u00e4var efter f\u00f6r\u00e4ndring som har ett l\u00e5ngsiktigt organisatoriskt v\u00e4rde med positiv ekonomisk inverkan. Jag erbjuder coaching f\u00f6r enskilda chefer, med fokus p\u00e5 f\u00f6r\u00e4ndringsprosesser inom kommersiella avdelningar och genomf\u00f6r \u00e4ven talaruppdrag.<\/p>\n<p>Som en liten udda grej inkluderar \u00e4ven mina uppdrag merv\u00e4rdestj\u00e4nster f\u00f6r chaletrenoveringar i de v\u00e4stra schweisiska alperna.<\/p>\n<p>Jag tror p\u00e5 ambition, kompetens och samsyn f\u00f6r att underl\u00e4tta min klients engagemang, \u00e4gande och ansvar. F\u00f6r\u00e4ndring \u00e4r alltid till f\u00f6rdel! F\u00f6r\u00e4ndring beh\u00f6vs f\u00f6r att skapa ett nytt arv och driva ekonomisk framg\u00e5ng.<\/p>\n<p>F\u00f6r att s\u00e4kerst\u00e4lla l\u00e5ngsiktig ekonomisk vinning och d\u00e4rmed etablera en ny epok, ger jag r\u00e5d om hur man utvecklar en meningsfull och l\u00e5ngvarig utv\u00e4rderingsmetodik med relevanta nyckeltal i kombination med effektiv kommunikation. Framstegen m\u00e5ste vara synliga.<\/p>\n<p>Efter \u00f6verl\u00e4mnandet blir kunden process\u00e4gare. Denna resa b\u00f6r vara en positiv upplevelse som v\u00e4cker l\u00e5ngvarigt f\u00f6rtroende, fram\u00e5tanda och varaktig vinst, vilket alla ger incitament f\u00f6r framtida samarbeten.<img decoding=\"async\" class=\"alignnone size-full wp-image-48\" src=\"https:\/\/nilsson-consulting.net\/wp-content\/uploads\/2023\/05\/orange-icon-list-20.png\" alt=\"\" width=\"20\" height=\"20\" \/><\/p>\n<\/div><\/div><\/div><div class=\"fusion-layout-column fusion_builder_column fusion-builder-column-1 fusion_builder_column_2_5 2_5 fusion-flex-column fusion-flex-align-self-stretch\" style=\"--awb-bg-size:cover;--awb-width-large:40%;--awb-margin-top-large:0px;--awb-spacing-right-large:4.8%;--awb-margin-bottom-large:20px;--awb-spacing-left-large:4.8%;--awb-width-medium:40%;--awb-order-medium:0;--awb-spacing-right-medium:4.8%;--awb-spacing-left-medium:4.8%;--awb-width-small:100%;--awb-order-small:0;--awb-spacing-right-small:1.92%;--awb-spacing-left-small:1.92%;\"><div class=\"fusion-column-wrapper fusion-column-has-shadow fusion-flex-justify-content-center fusion-content-layout-column\"><div class=\"fusion-image-element \" style=\"text-align:center;--awb-margin-bottom:20px;--awb-caption-title-font-family:var(--h2_typography-font-family);--awb-caption-title-font-weight:var(--h2_typography-font-weight);--awb-caption-title-font-style:var(--h2_typography-font-style);--awb-caption-title-size:var(--h2_typography-font-size);--awb-caption-title-transform:var(--h2_typography-text-transform);--awb-caption-title-line-height:var(--h2_typography-line-height);--awb-caption-title-letter-spacing:var(--h2_typography-letter-spacing);\"><span class=\" fusion-imageframe imageframe-none imageframe-1 hover-type-zoomin\" class=\"image-magnify\" class=\"image-scroll\"><img decoding=\"async\" width=\"600\" height=\"887\" title=\"What-is-Nilsson-Consulting-2\" src=\"https:\/\/nilsson-consulting.net\/wp-content\/uploads\/2023\/05\/What-is-Nilsson-Consulting-2.jpg\" alt class=\"img-responsive wp-image-359\" srcset=\"https:\/\/nilsson-consulting.net\/wp-content\/uploads\/2023\/05\/What-is-Nilsson-Consulting-2-200x296.jpg 200w, https:\/\/nilsson-consulting.net\/wp-content\/uploads\/2023\/05\/What-is-Nilsson-Consulting-2-400x591.jpg 400w, https:\/\/nilsson-consulting.net\/wp-content\/uploads\/2023\/05\/What-is-Nilsson-Consulting-2.jpg 600w\" sizes=\"(max-width: 640px) 100vw, 600px\" \/><\/span><\/div><\/div><\/div><\/div><\/div>\n","protected":false},"excerpt":{"rendered":"","protected":false},"author":1,"featured_media":0,"parent":0,"menu_order":0,"comment_status":"closed","ping_status":"closed","template":"100-width.php","meta":{"footnotes":""},"class_list":["post-390","page","type-page","status-publish","hentry"],"_links":{"self":[{"href":"https:\/\/nilsson-consulting.net\/sv\/wp-json\/wp\/v2\/pages\/390","targetHints":{"allow":["GET"]}}],"collection":[{"href":"https:\/\/nilsson-consulting.net\/sv\/wp-json\/wp\/v2\/pages"}],"about":[{"href":"https:\/\/nilsson-consulting.net\/sv\/wp-json\/wp\/v2\/types\/page"}],"author":[{"embeddable":true,"href":"https:\/\/nilsson-consulting.net\/sv\/wp-json\/wp\/v2\/users\/1"}],"replies":[{"embeddable":true,"href":"https:\/\/nilsson-consulting.net\/sv\/wp-json\/wp\/v2\/comments?post=390"}],"version-history":[{"count":6,"href":"https:\/\/nilsson-consulting.net\/sv\/wp-json\/wp\/v2\/pages\/390\/revisions"}],"predecessor-version":[{"id":583,"href":"https:\/\/nilsson-consulting.net\/sv\/wp-json\/wp\/v2\/pages\/390\/revisions\/583"}],"wp:attachment":[{"href":"https:\/\/nilsson-consulting.net\/sv\/wp-json\/wp\/v2\/media?parent=390"}],"curies":[{"name":"wp","href":"https:\/\/api.w.org\/{rel}","templated":true}]}}