{"id":451,"date":"2023-05-31T08:16:56","date_gmt":"2023-05-31T08:16:56","guid":{"rendered":"https:\/\/nilsson-consulting.net\/swiss-alpine-real-estate-entwicklung-mit-fels\/"},"modified":"2023-06-07T13:50:13","modified_gmt":"2023-06-07T13:50:13","slug":"swiss-alpine-real-estate-entwicklung-mit-fels","status":"publish","type":"page","link":"https:\/\/nilsson-consulting.net\/de\/swiss-alpine-real-estate-entwicklung-mit-fels\/","title":{"rendered":"Swiss Alpine Real Estate Entwicklung mit Fels"},"content":{"rendered":"<div class=\"fusion-fullwidth fullwidth-box fusion-builder-row-1 fusion-flex-container has-pattern-background has-mask-background top-sec-home-inner nonhundred-percent-fullwidth non-hundred-percent-height-scrolling\" style=\"--awb-border-radius-top-left:0px;--awb-border-radius-top-right:0px;--awb-border-radius-bottom-right:0px;--awb-border-radius-bottom-left:0px;\" ><div class=\"fusion-builder-row fusion-row fusion-flex-align-items-flex-start\" style=\"max-width:1144px;margin-left: calc(-4% \/ 2 );margin-right: calc(-4% \/ 2 );\"><div class=\"fusion-layout-column fusion_builder_column fusion-builder-column-0 fusion_builder_column_2_5 2_5 fusion-flex-column fusion-flex-align-self-stretch\" style=\"--awb-bg-size:cover;--awb-width-large:40%;--awb-margin-top-large:0px;--awb-spacing-right-large:4.8%;--awb-margin-bottom-large:20px;--awb-spacing-left-large:4.8%;--awb-width-medium:40%;--awb-order-medium:0;--awb-spacing-right-medium:4.8%;--awb-spacing-left-medium:4.8%;--awb-width-small:100%;--awb-order-small:0;--awb-spacing-right-small:1.92%;--awb-spacing-left-small:1.92%;\"><div class=\"fusion-column-wrapper fusion-column-has-shadow fusion-flex-justify-content-flex-start fusion-content-layout-column\"><div class=\"fusion-image-element \" style=\"text-align:center;--awb-margin-bottom:20px;--awb-caption-title-font-family:var(--h2_typography-font-family);--awb-caption-title-font-weight:var(--h2_typography-font-weight);--awb-caption-title-font-style:var(--h2_typography-font-style);--awb-caption-title-size:var(--h2_typography-font-size);--awb-caption-title-transform:var(--h2_typography-text-transform);--awb-caption-title-line-height:var(--h2_typography-line-height);--awb-caption-title-letter-spacing:var(--h2_typography-letter-spacing);\"><span class=\" fusion-imageframe imageframe-none imageframe-1 hover-type-zoomin\" class=\"image-magnify\" class=\"image-scroll\"><img decoding=\"async\" width=\"600\" height=\"800\" title=\"39-Swiss-Alpine\" src=\"https:\/\/nilsson-consulting.net\/wp-content\/uploads\/2023\/06\/39-Swiss-Alpine.jpg\" alt class=\"img-responsive wp-image-380\" srcset=\"https:\/\/nilsson-consulting.net\/wp-content\/uploads\/2023\/06\/39-Swiss-Alpine-200x267.jpg 200w, https:\/\/nilsson-consulting.net\/wp-content\/uploads\/2023\/06\/39-Swiss-Alpine-400x533.jpg 400w, https:\/\/nilsson-consulting.net\/wp-content\/uploads\/2023\/06\/39-Swiss-Alpine.jpg 600w\" sizes=\"(max-width: 640px) 100vw, 600px\" \/><\/span><\/div><\/div><\/div><div class=\"fusion-layout-column fusion_builder_column fusion-builder-column-1 fusion_builder_column_3_5 3_5 fusion-flex-column fusion-flex-align-self-stretch\" style=\"--awb-bg-size:cover;--awb-width-large:60%;--awb-margin-top-large:0px;--awb-spacing-right-large:3.2%;--awb-margin-bottom-large:20px;--awb-spacing-left-large:3.2%;--awb-width-medium:60%;--awb-order-medium:0;--awb-spacing-right-medium:3.2%;--awb-spacing-left-medium:3.2%;--awb-width-small:100%;--awb-order-small:1;--awb-spacing-right-small:1.92%;--awb-spacing-left-small:1.92%;\"><div class=\"fusion-column-wrapper fusion-column-has-shadow fusion-flex-justify-content-center fusion-content-layout-column\"><div class=\"fusion-title title fusion-title-1 fusion-sep-none fusion-title-text fusion-title-size-five\" style=\"--awb-text-color:var(--awb-color3);--awb-margin-bottom:0px;--awb-font-size:16px;\"><h5 class=\"title-heading-left fusion-responsive-typography-calculated\" style=\"margin:0;font-size:1em;text-transform:uppercase;--fontSize:16;--minFontSize:16;line-height:var(--awb-typography1-line-height);\">Entdecken Sie mehr von:<\/h5><\/div><div class=\"fusion-title title fusion-title-2 fusion-sep-none fusion-title-text fusion-title-size-two\" style=\"--awb-text-color:var(--awb-color4);--awb-sep-color:var(--awb-color4);--awb-font-size:36px;\"><h2 class=\"title-heading-left fusion-responsive-typography-calculated\" style=\"margin:0;font-size:1em;--fontSize:36;line-height:var(--awb-typography1-line-height);\">Schweizer Alpine Immobilienentwicklung <strong><em>mit<\/em> ROCK<\/strong><\/h2><\/div><ul style=\"--awb-line-height:27.2px;--awb-icon-width:27.2px;--awb-icon-height:27.2px;--awb-icon-margin:11.2px;--awb-content-margin:38.4px;\" class=\"fusion-checklist fusion-checklist-1 fusion-checklist-default type-icons list-cus-leaf\"><li class=\"fusion-li-item\" style=\"\"><span class=\"icon-wrapper circle-no\"><i class=\"fusion-li-icon awb-icon-check\" aria-hidden=\"true\"><\/i><\/span><div class=\"fusion-li-item-content\">\n<p>Renovation and On-site Construction Knowledge \u2013 <strong>ROCK<\/strong><\/p>\n<\/div><\/li><li class=\"fusion-li-item\" style=\"\"><span class=\"icon-wrapper circle-no\"><i class=\"fusion-li-icon awb-icon-check\" aria-hidden=\"true\"><\/i><\/span><div class=\"fusion-li-item-content\">\n<p>Wir entwickeln einen robusten Plan f\u00fcr die optimale Nutzung des Architekten und der Bauunternehmen und sorgen gleichzeitig f\u00fcr eine wertsteigernde Renovierung.<\/p>\n<ul>\n<li>Wir ermitteln den aktuellen Immobilienwert sowie den aktuellen Mietwert und sch\u00e4tzen den zuk\u00fcnftigen erwarteten Immobilienwert und voraussichtlichen Mietwert<\/li>\n<li>Richten Sie Verbesserungspl\u00e4ne an wertsteigernden Attributen aus<\/li>\n<li>Erstellen eines \u00fcbergeordneten Projektplans<\/li>\n<li>Entwicklung des Arbeitsumfangs<\/li>\n<li>Angebote \u00fcberpr\u00fcfen und hinterfragen<\/li>\n<li>Verwalten Sie die Kosten f\u00fcr Architekten und Bauunternehmen<\/li>\n<\/ul>\n<\/div><\/li><li class=\"fusion-li-item\" style=\"\"><span class=\"icon-wrapper circle-no\"><i class=\"fusion-li-icon awb-icon-check\" aria-hidden=\"true\"><\/i><\/span><div class=\"fusion-li-item-content\">\n<p>Wir werden gemeinsam wertsteigernde Verbesserungen bewerten und \u00fcberpr\u00fcfen, wobei der Schwerpunkt auf der Steigerung des Mietwerts und des Verm\u00f6genswerts liegt, wobei wir auch Verbesserungen der Lebensqualit\u00e4t in den Chalets ber\u00fccksichtigen und, wenn m\u00f6glich, diese so anpassen, dass sie wertsteigernd werden<\/p>\n<\/div><\/li><li class=\"fusion-li-item\" style=\"\"><span class=\"icon-wrapper circle-no\"><i class=\"fusion-li-icon awb-icon-check\" aria-hidden=\"true\"><\/i><\/span><div class=\"fusion-li-item-content\">\n<p><strong>ROCK<\/strong> bringt langfristiges Gl\u00fcck und Erfolg in Ihre Chalet-Renovierung<\/p>\n<\/div><\/li><\/ul><\/div><\/div><\/div><\/div>\n","protected":false},"excerpt":{"rendered":"","protected":false},"author":1,"featured_media":0,"parent":0,"menu_order":0,"comment_status":"closed","ping_status":"closed","template":"100-width.php","meta":{"footnotes":""},"class_list":["post-451","page","type-page","status-publish","hentry"],"_links":{"self":[{"href":"https:\/\/nilsson-consulting.net\/de\/wp-json\/wp\/v2\/pages\/451","targetHints":{"allow":["GET"]}}],"collection":[{"href":"https:\/\/nilsson-consulting.net\/de\/wp-json\/wp\/v2\/pages"}],"about":[{"href":"https:\/\/nilsson-consulting.net\/de\/wp-json\/wp\/v2\/types\/page"}],"author":[{"embeddable":true,"href":"https:\/\/nilsson-consulting.net\/de\/wp-json\/wp\/v2\/users\/1"}],"replies":[{"embeddable":true,"href":"https:\/\/nilsson-consulting.net\/de\/wp-json\/wp\/v2\/comments?post=451"}],"version-history":[{"count":7,"href":"https:\/\/nilsson-consulting.net\/de\/wp-json\/wp\/v2\/pages\/451\/revisions"}],"predecessor-version":[{"id":788,"href":"https:\/\/nilsson-consulting.net\/de\/wp-json\/wp\/v2\/pages\/451\/revisions\/788"}],"wp:attachment":[{"href":"https:\/\/nilsson-consulting.net\/de\/wp-json\/wp\/v2\/media?parent=451"}],"curies":[{"name":"wp","href":"https:\/\/api.w.org\/{rel}","templated":true}]}}