{"id":413,"date":"2023-05-31T07:06:29","date_gmt":"2023-05-31T07:06:29","guid":{"rendered":"https:\/\/nilsson-consulting.net\/einsatz-von-commercial-excellence-mit-kick\/"},"modified":"2023-06-06T08:21:43","modified_gmt":"2023-06-06T08:21:43","slug":"einsatz-von-commercial-excellence-mit-kick","status":"publish","type":"page","link":"https:\/\/nilsson-consulting.net\/de\/einsatz-von-commercial-excellence-mit-kick\/","title":{"rendered":"Einsatz von Commercial Excellence mit Kick"},"content":{"rendered":"<div class=\"fusion-fullwidth fullwidth-box fusion-builder-row-1 fusion-flex-container has-pattern-background has-mask-background top-sec-home-inner nonhundred-percent-fullwidth non-hundred-percent-height-scrolling\" style=\"--awb-border-radius-top-left:0px;--awb-border-radius-top-right:0px;--awb-border-radius-bottom-right:0px;--awb-border-radius-bottom-left:0px;\" ><div class=\"fusion-builder-row fusion-row fusion-flex-align-items-flex-start\" style=\"max-width:1144px;margin-left: calc(-4% \/ 2 );margin-right: calc(-4% \/ 2 );\"><div class=\"fusion-layout-column fusion_builder_column fusion-builder-column-0 fusion_builder_column_3_5 3_5 fusion-flex-column fusion-flex-align-self-stretch\" style=\"--awb-bg-size:cover;--awb-width-large:60%;--awb-margin-top-large:0px;--awb-spacing-right-large:3.2%;--awb-margin-bottom-large:20px;--awb-spacing-left-large:3.2%;--awb-width-medium:60%;--awb-order-medium:0;--awb-spacing-right-medium:3.2%;--awb-spacing-left-medium:3.2%;--awb-width-small:100%;--awb-order-small:1;--awb-spacing-right-small:1.92%;--awb-spacing-left-small:1.92%;\"><div class=\"fusion-column-wrapper fusion-column-has-shadow fusion-flex-justify-content-center fusion-content-layout-column\"><div class=\"fusion-title title fusion-title-1 fusion-sep-none fusion-title-text fusion-title-size-five\" style=\"--awb-text-color:var(--awb-color3);--awb-margin-bottom:0px;--awb-font-size:16px;\"><h5 class=\"title-heading-left fusion-responsive-typography-calculated\" style=\"margin:0;font-size:1em;text-transform:uppercase;--fontSize:16;--minFontSize:16;line-height:var(--awb-typography1-line-height);\">Entdecken Sie mehr von:<\/h5><\/div><div class=\"fusion-title title fusion-title-2 fusion-sep-none fusion-title-text fusion-title-size-two\" style=\"--awb-text-color:var(--awb-color4);--awb-sep-color:var(--awb-color4);--awb-font-size:36px;\"><h2 class=\"title-heading-left fusion-responsive-typography-calculated\" style=\"margin:0;font-size:1em;--fontSize:36;line-height:var(--awb-typography1-line-height);\">Kommerzielle-Exzellenzentwicklung <strong><em>mit<\/em> KICK<\/strong><\/h2><\/div><ul style=\"--awb-line-height:27.2px;--awb-icon-width:27.2px;--awb-icon-height:27.2px;--awb-icon-margin:11.2px;--awb-content-margin:38.4px;\" class=\"fusion-checklist fusion-checklist-1 fusion-checklist-default type-icons list-cus-leaf\"><li class=\"fusion-li-item\" style=\"\"><span class=\"icon-wrapper circle-no\"><i class=\"fusion-li-icon awb-icon-check\" aria-hidden=\"true\"><\/i><\/span><div class=\"fusion-li-item-content\">\n<p>Knowledge Infused Commercial Knighthood <strong>&#8211; KICK<\/strong><\/p>\n<\/div><\/li><li class=\"fusion-li-item\" style=\"\"><span class=\"icon-wrapper circle-no\"><i class=\"fusion-li-icon awb-icon-check\" aria-hidden=\"true\"><\/i><\/span><div class=\"fusion-li-item-content\">\n<p>Die Roadmap zur Erzielung kommerzieller und preislicher Exzellenz in einem Unternehmen \u2013 Commercial Knighthood \u2013 umfasst in der Regel f\u00fcnf Reifegrade. Diese Stufen basieren darauf, wie ausgefeilt die Preisstrategien des Unternehmens sind und wie gut das Unternehmen in der Lage ist, diese Strategien effektiv umzusetzen. Die f\u00fcnf Stufen sind:<\/p>\n<p><strong>Ebene 1<\/strong>. Reaktive Preisgestaltung<br \/>\n<strong>Ebene 2<\/strong>. Grundlegende Preisgestaltung<br \/>\n<strong>Ebene 3<\/strong>. Erweiterte Preisgestaltung<br \/>\n<strong>Ebene 4<\/strong>. Strategische und wertorientierte Preisgestaltung<br \/>\n<strong>Ebene 5<\/strong>. Preisexzellenz und kommerzielle Ritterschaft<\/p>\n<\/div><\/li><li class=\"fusion-li-item\" style=\"\"><span class=\"icon-wrapper circle-no\"><i class=\"fusion-li-icon awb-icon-check\" aria-hidden=\"true\"><\/i><\/span><div class=\"fusion-li-item-content\">\n<p>Gemeinsam bewerten wir den Ist-Zustand und erstellen eine Roadmap zum angestrebten Soll-Ziel mit klaren Meilensteinen, einem robusten Entwicklungsplan und relevanten Key Performance Indicators (KPIs), um den langfristigen Fortschritt in Bezug auf das angestrebte Soll-Umfeld zu verfolgen<\/p>\n<\/div><\/li><li class=\"fusion-li-item\" style=\"\"><span class=\"icon-wrapper circle-no\"><i class=\"fusion-li-icon awb-icon-check\" aria-hidden=\"true\"><\/i><\/span><div class=\"fusion-li-item-content\">\n<p><strong>KICK<\/strong> bringt langfristiges finanzielles Wachstum, effektive Preisgestaltungsprozesse und r\u00fcstet Ihr Pricing-Team f\u00fcr den Erfolg aus<\/p>\n<\/div><\/li><\/ul><\/div><\/div><div class=\"fusion-layout-column fusion_builder_column fusion-builder-column-1 fusion_builder_column_2_5 2_5 fusion-flex-column fusion-flex-align-self-stretch\" style=\"--awb-bg-size:cover;--awb-width-large:40%;--awb-margin-top-large:0px;--awb-spacing-right-large:4.8%;--awb-margin-bottom-large:20px;--awb-spacing-left-large:4.8%;--awb-width-medium:40%;--awb-order-medium:0;--awb-spacing-right-medium:4.8%;--awb-spacing-left-medium:4.8%;--awb-width-small:100%;--awb-order-small:0;--awb-spacing-right-small:1.92%;--awb-spacing-left-small:1.92%;\"><div class=\"fusion-column-wrapper fusion-column-has-shadow fusion-flex-justify-content-flex-start fusion-content-layout-column\"><div class=\"fusion-image-element \" style=\"text-align:center;--awb-margin-bottom:20px;--awb-caption-title-font-family:var(--h2_typography-font-family);--awb-caption-title-font-weight:var(--h2_typography-font-weight);--awb-caption-title-font-style:var(--h2_typography-font-style);--awb-caption-title-size:var(--h2_typography-font-size);--awb-caption-title-transform:var(--h2_typography-text-transform);--awb-caption-title-line-height:var(--h2_typography-line-height);--awb-caption-title-letter-spacing:var(--h2_typography-letter-spacing);\"><span class=\" fusion-imageframe imageframe-none imageframe-1 hover-type-zoomin\" class=\"image-magnify\" class=\"image-scroll\"><img decoding=\"async\" width=\"800\" height=\"465\" title=\"Commercial-Excellence-Deployment-with-kick\" src=\"https:\/\/nilsson-consulting.net\/wp-content\/uploads\/2023\/05\/Commercial-Excellence-Deployment-with-kick.jpg\" alt class=\"img-responsive wp-image-362\" srcset=\"https:\/\/nilsson-consulting.net\/wp-content\/uploads\/2023\/05\/Commercial-Excellence-Deployment-with-kick-200x116.jpg 200w, https:\/\/nilsson-consulting.net\/wp-content\/uploads\/2023\/05\/Commercial-Excellence-Deployment-with-kick-400x233.jpg 400w, https:\/\/nilsson-consulting.net\/wp-content\/uploads\/2023\/05\/Commercial-Excellence-Deployment-with-kick-600x349.jpg 600w, https:\/\/nilsson-consulting.net\/wp-content\/uploads\/2023\/05\/Commercial-Excellence-Deployment-with-kick.jpg 800w\" sizes=\"(max-width: 640px) 100vw, 600px\" \/><\/span><\/div><div class=\"fusion-text fusion-text-1 fusion-text-no-margin\" style=\"--awb-font-size:14px;--awb-margin-bottom:0px;\"><p><em><img decoding=\"async\" class=\"size-full wp-image-48 alignleft\" src=\"https:\/\/nilsson-consulting.net\/wp-content\/uploads\/2023\/05\/orange-icon-list-20.png\" alt=\"\" width=\"20\" height=\"20\" \/> Nilsson Consulting hat mich auf unkomplizierte und effektive Weise dabei unterst\u00fctzt, meine Zielpreissegmentierung, mein<br \/>\nwertsteigerndes Angebot und den Sweet-Spot zu identifizieren, an dem ich meinen gr\u00f6\u00dften Wettbewerbsvorteil habe. Kurzum: eine \u00fcberzeugende Win-Win-Situation f\u00fcr alle Beteiligten.<img decoding=\"async\" class=\"alignnone size-full wp-image-48\" src=\"https:\/\/nilsson-consulting.net\/wp-content\/uploads\/2023\/05\/orange-icon-list-20.png\" alt=\"\" width=\"20\" height=\"20\" \/><\/em><\/p>\n<p><em>H\u00e5kan S\u00f6derling,<\/em><br \/>\n<i>Gr\u00fcnder &amp; Inhaber S\u00f6derling <\/i><i>Horlogerie<\/i><\/p>\n<\/div><\/div><\/div><\/div><\/div>\n","protected":false},"excerpt":{"rendered":"","protected":false},"author":1,"featured_media":0,"parent":0,"menu_order":0,"comment_status":"closed","ping_status":"closed","template":"100-width.php","meta":{"footnotes":""},"class_list":["post-413","page","type-page","status-publish","hentry"],"_links":{"self":[{"href":"https:\/\/nilsson-consulting.net\/de\/wp-json\/wp\/v2\/pages\/413","targetHints":{"allow":["GET"]}}],"collection":[{"href":"https:\/\/nilsson-consulting.net\/de\/wp-json\/wp\/v2\/pages"}],"about":[{"href":"https:\/\/nilsson-consulting.net\/de\/wp-json\/wp\/v2\/types\/page"}],"author":[{"embeddable":true,"href":"https:\/\/nilsson-consulting.net\/de\/wp-json\/wp\/v2\/users\/1"}],"replies":[{"embeddable":true,"href":"https:\/\/nilsson-consulting.net\/de\/wp-json\/wp\/v2\/comments?post=413"}],"version-history":[{"count":7,"href":"https:\/\/nilsson-consulting.net\/de\/wp-json\/wp\/v2\/pages\/413\/revisions"}],"predecessor-version":[{"id":665,"href":"https:\/\/nilsson-consulting.net\/de\/wp-json\/wp\/v2\/pages\/413\/revisions\/665"}],"wp:attachment":[{"href":"https:\/\/nilsson-consulting.net\/de\/wp-json\/wp\/v2\/media?parent=413"}],"curies":[{"name":"wp","href":"https:\/\/api.w.org\/{rel}","templated":true}]}}