{"id":408,"date":"2023-05-30T12:31:03","date_gmt":"2023-05-30T12:31:03","guid":{"rendered":"https:\/\/nilsson-consulting.net\/vertraulichkeit\/"},"modified":"2023-06-06T11:21:42","modified_gmt":"2023-06-06T11:21:42","slug":"diskretion","status":"publish","type":"page","link":"https:\/\/nilsson-consulting.net\/de\/diskretion\/","title":{"rendered":"Diskretion"},"content":{"rendered":"<div class=\"fusion-fullwidth fullwidth-box fusion-builder-row-1 fusion-flex-container has-pattern-background has-mask-background top-sec-home nonhundred-percent-fullwidth non-hundred-percent-height-scrolling\" style=\"--awb-border-radius-top-left:0px;--awb-border-radius-top-right:0px;--awb-border-radius-bottom-right:0px;--awb-border-radius-bottom-left:0px;\" ><div class=\"fusion-builder-row fusion-row fusion-flex-align-items-flex-start\" style=\"max-width:1144px;margin-left: calc(-4% \/ 2 );margin-right: calc(-4% \/ 2 );\"><div class=\"fusion-layout-column fusion_builder_column fusion-builder-column-0 fusion_builder_column_1_2 1_2 fusion-flex-column fusion-flex-align-self-stretch\" style=\"--awb-bg-size:cover;--awb-width-large:50%;--awb-margin-top-large:0px;--awb-spacing-right-large:3.84%;--awb-margin-bottom-large:20px;--awb-spacing-left-large:3.84%;--awb-width-medium:50%;--awb-order-medium:0;--awb-spacing-right-medium:3.84%;--awb-spacing-left-medium:3.84%;--awb-width-small:100%;--awb-order-small:1;--awb-spacing-right-small:1.92%;--awb-spacing-left-small:1.92%;\"><div class=\"fusion-column-wrapper fusion-column-has-shadow fusion-flex-justify-content-center fusion-content-layout-column\"><div class=\"fusion-title title fusion-title-1 fusion-sep-none fusion-title-text fusion-title-size-two\" style=\"--awb-sep-color:var(--awb-color4);\"><h2 class=\"title-heading-left fusion-responsive-typography-calculated\" style=\"margin:0;--fontSize:40;line-height:var(--awb-typography1-line-height);\">Nilsson Consulting <strong><em>respektiert <\/em>diskretion<\/strong><\/h2><\/div><ul style=\"--awb-iconcolor:var(--awb-color4);--awb-line-height:27.2px;--awb-icon-width:27.2px;--awb-icon-height:27.2px;--awb-icon-margin:11.2px;--awb-content-margin:38.4px;\" class=\"fusion-checklist fusion-checklist-1 fusion-checklist-default type-icons list-cus-leaf\"><li class=\"fusion-li-item\" style=\"\"><span class=\"icon-wrapper circle-no\"><i class=\"fusion-li-icon awb-icon-check\" aria-hidden=\"true\"><\/i><\/span><div class=\"fusion-li-item-content\">Vertraulichkeit ist sowohl f\u00fcr den Kunden als auch f\u00fcr den Beratungspartner in Bezug auf alle Aspekte der Preisgestaltung, der Aftersales- und Q2C-Prozesse, der Methoden und der Bereitstellungsaktivit\u00e4ten wichtig. Bereits bei unserem ersten Sondierungsgespr\u00e4ch werden wir uns auf die Bedingungen f\u00fcr eine vertrauliche Vereinbarung einigen.<\/div><\/li><\/ul><\/div><\/div><div class=\"fusion-layout-column fusion_builder_column fusion-builder-column-1 fusion_builder_column_1_2 1_2 fusion-flex-column fusion-flex-align-self-stretch\" style=\"--awb-bg-size:cover;--awb-width-large:50%;--awb-margin-top-large:0px;--awb-spacing-right-large:3.84%;--awb-margin-bottom-large:20px;--awb-spacing-left-large:3.84%;--awb-width-medium:50%;--awb-order-medium:0;--awb-spacing-right-medium:3.84%;--awb-spacing-left-medium:3.84%;--awb-width-small:100%;--awb-order-small:0;--awb-spacing-right-small:1.92%;--awb-spacing-left-small:1.92%;\"><div class=\"fusion-column-wrapper fusion-column-has-shadow fusion-flex-justify-content-center fusion-content-layout-column\"><div class=\"fusion-image-element \" style=\"text-align:center;--awb-aspect-ratio:1 \/ 1;--awb-object-position:44% 29%;--awb-caption-title-font-family:var(--h2_typography-font-family);--awb-caption-title-font-weight:var(--h2_typography-font-weight);--awb-caption-title-font-style:var(--h2_typography-font-style);--awb-caption-title-size:var(--h2_typography-font-size);--awb-caption-title-transform:var(--h2_typography-text-transform);--awb-caption-title-line-height:var(--h2_typography-line-height);--awb-caption-title-letter-spacing:var(--h2_typography-letter-spacing);\"><span class=\" fusion-imageframe imageframe-none imageframe-1 hover-type-zoomin has-aspect-ratio\" class=\"image-magnify\" class=\"image-scroll\"><img decoding=\"async\" width=\"600\" height=\"733\" title=\"Nilsson-Consulting-respects-confidentiality\" src=\"https:\/\/nilsson-consulting.net\/wp-content\/uploads\/2023\/05\/Nilsson-Consulting-respects-confidentiality.jpg\" class=\"img-responsive wp-image-348 img-with-aspect-ratio\" alt srcset=\"https:\/\/nilsson-consulting.net\/wp-content\/uploads\/2023\/05\/Nilsson-Consulting-respects-confidentiality-200x244.jpg 200w, https:\/\/nilsson-consulting.net\/wp-content\/uploads\/2023\/05\/Nilsson-Consulting-respects-confidentiality-400x489.jpg 400w, https:\/\/nilsson-consulting.net\/wp-content\/uploads\/2023\/05\/Nilsson-Consulting-respects-confidentiality.jpg 600w\" sizes=\"(max-width: 640px) 100vw, 600px\" \/><\/span><\/div><\/div><\/div><\/div><\/div>\n","protected":false},"excerpt":{"rendered":"","protected":false},"author":1,"featured_media":0,"parent":0,"menu_order":0,"comment_status":"closed","ping_status":"closed","template":"100-width.php","meta":{"footnotes":""},"class_list":["post-408","page","type-page","status-publish","hentry"],"_links":{"self":[{"href":"https:\/\/nilsson-consulting.net\/de\/wp-json\/wp\/v2\/pages\/408","targetHints":{"allow":["GET"]}}],"collection":[{"href":"https:\/\/nilsson-consulting.net\/de\/wp-json\/wp\/v2\/pages"}],"about":[{"href":"https:\/\/nilsson-consulting.net\/de\/wp-json\/wp\/v2\/types\/page"}],"author":[{"embeddable":true,"href":"https:\/\/nilsson-consulting.net\/de\/wp-json\/wp\/v2\/users\/1"}],"replies":[{"embeddable":true,"href":"https:\/\/nilsson-consulting.net\/de\/wp-json\/wp\/v2\/comments?post=408"}],"version-history":[{"count":11,"href":"https:\/\/nilsson-consulting.net\/de\/wp-json\/wp\/v2\/pages\/408\/revisions"}],"predecessor-version":[{"id":734,"href":"https:\/\/nilsson-consulting.net\/de\/wp-json\/wp\/v2\/pages\/408\/revisions\/734"}],"wp:attachment":[{"href":"https:\/\/nilsson-consulting.net\/de\/wp-json\/wp\/v2\/media?parent=408"}],"curies":[{"name":"wp","href":"https:\/\/api.w.org\/{rel}","templated":true}]}}