{"id":388,"date":"2023-05-30T12:30:47","date_gmt":"2023-05-30T12:30:47","guid":{"rendered":"https:\/\/nilsson-consulting.net\/was-ist\/"},"modified":"2023-06-06T08:46:01","modified_gmt":"2023-06-06T08:46:01","slug":"was-ist","status":"publish","type":"page","link":"https:\/\/nilsson-consulting.net\/de\/was-ist\/","title":{"rendered":"Was ist&#8230;"},"content":{"rendered":"<div class=\"fusion-fullwidth fullwidth-box fusion-builder-row-1 fusion-flex-container has-pattern-background has-mask-background nonhundred-percent-fullwidth non-hundred-percent-height-scrolling\" style=\"--awb-border-radius-top-left:0px;--awb-border-radius-top-right:0px;--awb-border-radius-bottom-right:0px;--awb-border-radius-bottom-left:0px;\" ><div class=\"fusion-builder-row fusion-row fusion-flex-align-items-flex-start\" style=\"max-width:1144px;margin-left: calc(-4% \/ 2 );margin-right: calc(-4% \/ 2 );\"><div class=\"fusion-layout-column fusion_builder_column fusion-builder-column-0 fusion_builder_column_3_5 3_5 fusion-flex-column fusion-flex-align-self-stretch\" style=\"--awb-bg-size:cover;--awb-width-large:60%;--awb-margin-top-large:0px;--awb-spacing-right-large:3.2%;--awb-margin-bottom-large:20px;--awb-spacing-left-large:3.2%;--awb-width-medium:60%;--awb-order-medium:0;--awb-spacing-right-medium:3.2%;--awb-spacing-left-medium:3.2%;--awb-width-small:100%;--awb-order-small:1;--awb-spacing-right-small:1.92%;--awb-spacing-left-small:1.92%;\"><div class=\"fusion-column-wrapper fusion-column-has-shadow fusion-flex-justify-content-center fusion-content-layout-column\"><div class=\"fusion-title title fusion-title-1 fusion-sep-none fusion-title-text fusion-title-size-five\" style=\"--awb-text-color:var(--awb-color5);--awb-margin-bottom:0px;--awb-font-size:16px;\"><h5 class=\"title-heading-left fusion-responsive-typography-calculated\" style=\"margin:0;font-size:1em;text-transform:uppercase;--fontSize:16;--minFontSize:16;line-height:var(--awb-typography1-line-height);\">Entdecken Sie mehr von:<\/h5><\/div><div class=\"fusion-title title fusion-title-2 fusion-sep-none fusion-title-text fusion-title-size-two\" style=\"--awb-text-color:var(--awb-color4);--awb-sep-color:var(--awb-color4);\"><h2 class=\"title-heading-left fusion-responsive-typography-calculated\" style=\"margin:0;--fontSize:40;line-height:var(--awb-typography1-line-height);\">Was ist Nilsson Consulting<\/h2><\/div><div class=\"fusion-text fusion-text-1 fusion-text-no-margin\" style=\"--awb-margin-bottom:0px;\"><p><img decoding=\"async\" class=\"size-full wp-image-48 alignleft\" src=\"https:\/\/nilsson-consulting.net\/wp-content\/uploads\/2023\/05\/orange-icon-list-20.png\" alt=\"\" width=\"20\" height=\"20\" \/>Nilsson Consulting treibt Ver\u00e4nderungen innerhalb eines Unternehmens in den folgenden drei Bereichen voran: After-Sales-Wachstum, Preisgestaltung\/kommerzielle Exzellenz und Quote-to-Cash-Prozesse. Ich arbeite in einem engagierten Stil und strebe nach Ver\u00e4nderungen, die ein langfristiges organisatorisches Erbe mit positiven finanziellen Auswirkungen haben.<\/p>\n<p>Ich biete Coachings f\u00fcr einzelne F\u00fchrungskr\u00e4fte mit Fokus auf die Preisgestaltung an und leite Vortr\u00e4ge.<\/p>\n<p>Abgesehen davon umfassen meine Dienstleistungen Mehrwertdienste f\u00fcr die Renovierung von Chalets.<\/p>\n<p>Ich glaube an Ehrgeiz, Kompetenz und Konsens, um das Engagement, die Eigenverantwortung und die Verantwortung meiner Kunden zu f\u00f6rdern. Ver\u00e4nderung ist von Vorteil. Ver\u00e4nderungen sind erforderlich, um ein neues Erbe und herausragenden finanziellen Erfolg zu schaffen.<\/p>\n<p>Um einen langfristigen finanziellen Gewinn zu sichern und damit ein Verm\u00e4chtnis zu schaffen, berate ich Sie bei der Entwicklung einer sinnvollen und dauerhaften Messstrategie in Kombination mit effektiver Kommunikation. Fortschritte m\u00fcssen sichtbar sein.<\/p>\n<p>Mit der \u00dcbergabe wird der Auftraggeber zum Prozessverantwortlichen. Diese Reise soll eine positive Erfahrung sein, die langanhaltendes Vertrauen, Vorw\u00e4rtsdrang und dauerhaften Gewinn hervorruft und den Ansporn f\u00fcr weitere zuk\u00fcnftige Kooperationen gibt\u00a0<img decoding=\"async\" class=\"alignnone size-full wp-image-48\" src=\"https:\/\/nilsson-consulting.net\/wp-content\/uploads\/2023\/05\/orange-icon-list-20.png\" alt=\"\" width=\"20\" height=\"20\" \/><\/p>\n<\/div><\/div><\/div><div class=\"fusion-layout-column fusion_builder_column fusion-builder-column-1 fusion_builder_column_2_5 2_5 fusion-flex-column fusion-flex-align-self-stretch\" style=\"--awb-bg-size:cover;--awb-width-large:40%;--awb-margin-top-large:0px;--awb-spacing-right-large:4.8%;--awb-margin-bottom-large:20px;--awb-spacing-left-large:4.8%;--awb-width-medium:40%;--awb-order-medium:0;--awb-spacing-right-medium:4.8%;--awb-spacing-left-medium:4.8%;--awb-width-small:100%;--awb-order-small:0;--awb-spacing-right-small:1.92%;--awb-spacing-left-small:1.92%;\"><div class=\"fusion-column-wrapper fusion-column-has-shadow fusion-flex-justify-content-center fusion-content-layout-column\"><div class=\"fusion-image-element \" style=\"text-align:center;--awb-margin-bottom:20px;--awb-caption-title-font-family:var(--h2_typography-font-family);--awb-caption-title-font-weight:var(--h2_typography-font-weight);--awb-caption-title-font-style:var(--h2_typography-font-style);--awb-caption-title-size:var(--h2_typography-font-size);--awb-caption-title-transform:var(--h2_typography-text-transform);--awb-caption-title-line-height:var(--h2_typography-line-height);--awb-caption-title-letter-spacing:var(--h2_typography-letter-spacing);\"><span class=\" fusion-imageframe imageframe-none imageframe-1 hover-type-zoomin\" class=\"image-magnify\" class=\"image-scroll\"><img decoding=\"async\" width=\"600\" height=\"887\" title=\"What-is-Nilsson-Consulting-2\" src=\"https:\/\/nilsson-consulting.net\/wp-content\/uploads\/2023\/05\/What-is-Nilsson-Consulting-2.jpg\" alt class=\"img-responsive wp-image-358\" srcset=\"https:\/\/nilsson-consulting.net\/wp-content\/uploads\/2023\/05\/What-is-Nilsson-Consulting-2-200x296.jpg 200w, https:\/\/nilsson-consulting.net\/wp-content\/uploads\/2023\/05\/What-is-Nilsson-Consulting-2-400x591.jpg 400w, https:\/\/nilsson-consulting.net\/wp-content\/uploads\/2023\/05\/What-is-Nilsson-Consulting-2.jpg 600w\" sizes=\"(max-width: 640px) 100vw, 600px\" \/><\/span><\/div><\/div><\/div><\/div><\/div>\n","protected":false},"excerpt":{"rendered":"","protected":false},"author":1,"featured_media":0,"parent":0,"menu_order":0,"comment_status":"closed","ping_status":"closed","template":"100-width.php","meta":{"footnotes":""},"class_list":["post-388","page","type-page","status-publish","hentry"],"_links":{"self":[{"href":"https:\/\/nilsson-consulting.net\/de\/wp-json\/wp\/v2\/pages\/388","targetHints":{"allow":["GET"]}}],"collection":[{"href":"https:\/\/nilsson-consulting.net\/de\/wp-json\/wp\/v2\/pages"}],"about":[{"href":"https:\/\/nilsson-consulting.net\/de\/wp-json\/wp\/v2\/types\/page"}],"author":[{"embeddable":true,"href":"https:\/\/nilsson-consulting.net\/de\/wp-json\/wp\/v2\/users\/1"}],"replies":[{"embeddable":true,"href":"https:\/\/nilsson-consulting.net\/de\/wp-json\/wp\/v2\/comments?post=388"}],"version-history":[{"count":4,"href":"https:\/\/nilsson-consulting.net\/de\/wp-json\/wp\/v2\/pages\/388\/revisions"}],"predecessor-version":[{"id":528,"href":"https:\/\/nilsson-consulting.net\/de\/wp-json\/wp\/v2\/pages\/388\/revisions\/528"}],"wp:attachment":[{"href":"https:\/\/nilsson-consulting.net\/de\/wp-json\/wp\/v2\/media?parent=388"}],"curies":[{"name":"wp","href":"https:\/\/api.w.org\/{rel}","templated":true}]}}